{"id":1464,"date":"2025-08-27T20:50:58","date_gmt":"2025-08-27T20:50:58","guid":{"rendered":"https:\/\/infrail.put.poznan.pl\/?page_id=1464"},"modified":"2025-08-27T20:50:58","modified_gmt":"2025-08-27T20:50:58","slug":"weryfikacja-nowych-profili-kol-oraz-par-kolo-szyna","status":"publish","type":"page","link":"https:\/\/infrail.put.poznan.pl\/?page_id=1464","title":{"rendered":"Weryfikacja nowych profili k\u00f3\u0142 oraz par ko\u0142o-szyna"},"content":{"rendered":"\n<p>Okre\u015blenie stanu obecnego albo dla projektowanych par ko\u0142o-szyna w zakresie intensywno\u015bci zu\u017cywania.<\/p>\n","protected":false},"excerpt":{"rendered":"<p>Okre\u015blenie stanu obecnego albo dla projektowanych par ko\u0142o-szyna w zakresie intensywno\u015bci zu\u017cywania.<\/p>\n","protected":false},"author":1,"featured_media":0,"parent":0,"menu_order":0,"comment_status":"closed","ping_status":"closed","template":"","meta":{"footnotes":""},"class_list":["post-1464","page","type-page","status-publish","hentry"],"_links":{"self":[{"href":"https:\/\/infrail.put.poznan.pl\/index.php?rest_route=\/wp\/v2\/pages\/1464","targetHints":{"allow":["GET"]}}],"collection":[{"href":"https:\/\/infrail.put.poznan.pl\/index.php?rest_route=\/wp\/v2\/pages"}],"about":[{"href":"https:\/\/infrail.put.poznan.pl\/index.php?rest_route=\/wp\/v2\/types\/page"}],"author":[{"embeddable":true,"href":"https:\/\/infrail.put.poznan.pl\/index.php?rest_route=\/wp\/v2\/users\/1"}],"replies":[{"embeddable":true,"href":"https:\/\/infrail.put.poznan.pl\/index.php?rest_route=%2Fwp%2Fv2%2Fcomments&post=1464"}],"version-history":[{"count":1,"href":"https:\/\/infrail.put.poznan.pl\/index.php?rest_route=\/wp\/v2\/pages\/1464\/revisions"}],"predecessor-version":[{"id":1465,"href":"https:\/\/infrail.put.poznan.pl\/index.php?rest_route=\/wp\/v2\/pages\/1464\/revisions\/1465"}],"wp:attachment":[{"href":"https:\/\/infrail.put.poznan.pl\/index.php?rest_route=%2Fwp%2Fv2%2Fmedia&parent=1464"}],"curies":[{"name":"wp","href":"https:\/\/api.w.org\/{rel}","templated":true}]}}