{"id":1462,"date":"2025-08-27T20:49:57","date_gmt":"2025-08-27T20:49:57","guid":{"rendered":"https:\/\/infrail.put.poznan.pl\/?page_id=1462"},"modified":"2025-08-27T20:49:57","modified_gmt":"2025-08-27T20:49:57","slug":"testy-srodkow-modyfikujacych-tarcie","status":"publish","type":"page","link":"https:\/\/infrail.put.poznan.pl\/?page_id=1462","title":{"rendered":"Testy \u015brodk\u00f3w modyfikuj\u0105cych tarcie"},"content":{"rendered":"\n<p>Por\u00f3wnanie r\u00f3\u017cnych materia\u0142\u00f3w w identycznych warunkach laboratoryjnych wraz z weryfikacj\u0105 na rzeczywistym poje\u017adzie.<\/p>\n","protected":false},"excerpt":{"rendered":"<p>Por\u00f3wnanie r\u00f3\u017cnych materia\u0142\u00f3w w identycznych warunkach laboratoryjnych wraz z weryfikacj\u0105 na rzeczywistym poje\u017adzie.<\/p>\n","protected":false},"author":1,"featured_media":0,"parent":0,"menu_order":0,"comment_status":"closed","ping_status":"closed","template":"","meta":{"footnotes":""},"class_list":["post-1462","page","type-page","status-publish","hentry"],"_links":{"self":[{"href":"https:\/\/infrail.put.poznan.pl\/index.php?rest_route=\/wp\/v2\/pages\/1462","targetHints":{"allow":["GET"]}}],"collection":[{"href":"https:\/\/infrail.put.poznan.pl\/index.php?rest_route=\/wp\/v2\/pages"}],"about":[{"href":"https:\/\/infrail.put.poznan.pl\/index.php?rest_route=\/wp\/v2\/types\/page"}],"author":[{"embeddable":true,"href":"https:\/\/infrail.put.poznan.pl\/index.php?rest_route=\/wp\/v2\/users\/1"}],"replies":[{"embeddable":true,"href":"https:\/\/infrail.put.poznan.pl\/index.php?rest_route=%2Fwp%2Fv2%2Fcomments&post=1462"}],"version-history":[{"count":1,"href":"https:\/\/infrail.put.poznan.pl\/index.php?rest_route=\/wp\/v2\/pages\/1462\/revisions"}],"predecessor-version":[{"id":1463,"href":"https:\/\/infrail.put.poznan.pl\/index.php?rest_route=\/wp\/v2\/pages\/1462\/revisions\/1463"}],"wp:attachment":[{"href":"https:\/\/infrail.put.poznan.pl\/index.php?rest_route=%2Fwp%2Fv2%2Fmedia&parent=1462"}],"curies":[{"name":"wp","href":"https:\/\/api.w.org\/{rel}","templated":true}]}}