{"id":1393,"date":"2025-08-27T13:05:53","date_gmt":"2025-08-27T13:05:53","guid":{"rendered":"https:\/\/infrail.put.poznan.pl\/?page_id=1393"},"modified":"2025-08-29T10:03:03","modified_gmt":"2025-08-29T10:03:03","slug":"system-pomiarowy-infrail","status":"publish","type":"page","link":"https:\/\/infrail.put.poznan.pl\/?page_id=1393","title":{"rendered":"System pomiarowy INFRAIL"},"content":{"rendered":"\n<p>INFRAIL to pionierski system pomiarowy s\u0142u\u017c\u0105cy do pomiaru intensywno\u015bci zu\u017cywania si\u0119 k\u00f3\u0142 i szyn w czasie rzeczywistym. Podstaw\u0105 jego dzia\u0142ania jest termowizja oraz konwolucyjne sieci neuronowe wytrenowanie na <a href=\"https:\/\/infrail.put.poznan.pl\/?page_id=1407\" data-type=\"link\" data-id=\"https:\/\/infrail.put.poznan.pl\/?page_id=1407\">dedykowanym stanowisku rolkowym<\/a>. System sk\u0142ada si\u0119 z kamer termowizyjnych oraz dodatkowej aparatury rejestruj\u0105cej ruch pojazdu, temperatur\u0119 k\u00f3\u0142 i warunki otoczenia. W wyniku jego zastosowania otrzymuje si\u0119 przebiegi i mapy zidentyfikowanej intensywno\u015bci zu\u017cywania, klas kontaktu oraz temperatury k\u00f3\u0142 taboru.<\/p>\n\n\n\n<figure class=\"wp-block-table\"><table class=\"has-fixed-layout\"><tbody><tr><td><img loading=\"lazy\" decoding=\"async\" width=\"300\" height=\"225\" class=\"wp-image-1378\" style=\"width: 300px;\" src=\"http:\/\/infrail.put.poznan.pl\/wp-content\/uploads\/2025\/08\/IMG_3408.jpeg\" alt=\"\" srcset=\"https:\/\/infrail.put.poznan.pl\/wp-content\/uploads\/2025\/08\/IMG_3408.jpeg 2048w, https:\/\/infrail.put.poznan.pl\/wp-content\/uploads\/2025\/08\/IMG_3408-300x225.jpeg 300w, https:\/\/infrail.put.poznan.pl\/wp-content\/uploads\/2025\/08\/IMG_3408-1024x768.jpeg 1024w, https:\/\/infrail.put.poznan.pl\/wp-content\/uploads\/2025\/08\/IMG_3408-768x576.jpeg 768w, https:\/\/infrail.put.poznan.pl\/wp-content\/uploads\/2025\/08\/IMG_3408-1536x1152.jpeg 1536w\" sizes=\"auto, (max-width: 300px) 100vw, 300px\" \/><br>Zwierciad\u0142o z kamer\u0105 termowizyjn\u0105 zamocowan\u0105 w uchwycie<\/td><td><img loading=\"lazy\" decoding=\"async\" width=\"300\" height=\"225\" class=\"wp-image-1376\" style=\"width: 300px;\" src=\"http:\/\/infrail.put.poznan.pl\/wp-content\/uploads\/2025\/08\/IMG_8357.jpeg\" alt=\"\" srcset=\"https:\/\/infrail.put.poznan.pl\/wp-content\/uploads\/2025\/08\/IMG_8357.jpeg 2048w, https:\/\/infrail.put.poznan.pl\/wp-content\/uploads\/2025\/08\/IMG_8357-300x225.jpeg 300w, https:\/\/infrail.put.poznan.pl\/wp-content\/uploads\/2025\/08\/IMG_8357-1024x768.jpeg 1024w, https:\/\/infrail.put.poznan.pl\/wp-content\/uploads\/2025\/08\/IMG_8357-768x576.jpeg 768w, https:\/\/infrail.put.poznan.pl\/wp-content\/uploads\/2025\/08\/IMG_8357-1536x1152.jpeg 1536w\" sizes=\"auto, (max-width: 300px) 100vw, 300px\" \/><br>Uchwyt aparatury towarzysz\u0105cej <\/td><\/tr><tr><td><img loading=\"lazy\" decoding=\"async\" width=\"300\" height=\"225\" class=\"wp-image-1375\" style=\"width: 300px;\" src=\"http:\/\/infrail.put.poznan.pl\/wp-content\/uploads\/2025\/08\/IMG_8348.jpeg\" alt=\"\" srcset=\"https:\/\/infrail.put.poznan.pl\/wp-content\/uploads\/2025\/08\/IMG_8348.jpeg 2048w, https:\/\/infrail.put.poznan.pl\/wp-content\/uploads\/2025\/08\/IMG_8348-300x225.jpeg 300w, https:\/\/infrail.put.poznan.pl\/wp-content\/uploads\/2025\/08\/IMG_8348-1024x768.jpeg 1024w, https:\/\/infrail.put.poznan.pl\/wp-content\/uploads\/2025\/08\/IMG_8348-768x576.jpeg 768w, https:\/\/infrail.put.poznan.pl\/wp-content\/uploads\/2025\/08\/IMG_8348-1536x1152.jpeg 1536w\" sizes=\"auto, (max-width: 300px) 100vw, 300px\" \/><br>Aparatura agreguj\u0105ca dane<\/td><td><img loading=\"lazy\" decoding=\"async\" width=\"300\" height=\"225\" class=\"wp-image-1371\" style=\"width: 300px;\" src=\"http:\/\/infrail.put.poznan.pl\/wp-content\/uploads\/2025\/08\/IMG_9599.jpeg\" alt=\"\" srcset=\"https:\/\/infrail.put.poznan.pl\/wp-content\/uploads\/2025\/08\/IMG_9599.jpeg 2048w, https:\/\/infrail.put.poznan.pl\/wp-content\/uploads\/2025\/08\/IMG_9599-300x225.jpeg 300w, https:\/\/infrail.put.poznan.pl\/wp-content\/uploads\/2025\/08\/IMG_9599-1024x768.jpeg 1024w, https:\/\/infrail.put.poznan.pl\/wp-content\/uploads\/2025\/08\/IMG_9599-768x576.jpeg 768w, https:\/\/infrail.put.poznan.pl\/wp-content\/uploads\/2025\/08\/IMG_9599-1536x1152.jpeg 1536w\" sizes=\"auto, (max-width: 300px) 100vw, 300px\" \/><br>Stanowiska operator\u00f3w<\/td><\/tr><\/tbody><\/table><\/figure>\n\n\n\n<p>Zastosowanie systemu INFRAIL pozwala na g\u0142\u0119bsze zrozumienie zjawisk dotycz\u0105cych zu\u017cywania wyst\u0119puj\u0105cych na styku ko\u0142a z szyn\u0105. Umo\u017cliwia rejestrowanie zu\u017cywania podczas jazdy pojazdu szynowego, pozwalaj\u0105c na <strong>odniesienie obserwacji do zmieniaj\u0105cych si\u0119 warunk\u00f3w jazdy, eksploatacji oraz torowiska. <\/strong>Dotychczas wykorzystywane metody pomiaru zu\u017cycia k\u00f3\u0142 i szyn opieraj\u0105 si\u0119 na skumulowanych efektach zu\u017cycia (zmiana profilu, ubytek masy), co nie pozwala na okre\u015blenie przyczyn zu\u017cywania.&nbsp;<\/p>\n\n\n\n<p><strong>Zastosowania systemu INFRAIL:<\/strong><\/p>\n\n\n\n<ul class=\"wp-block-list\">\n<li>Pomiar chwilowej intensywno\u015bci zu\u017cywania ko\u0142a i szyny<\/li>\n\n\n\n<li>Poszukiwanie przyczyn wzmo\u017conej emisji drga\u0144 i ha\u0142asu<\/li>\n\n\n\n<li>Testy \u015brodk\u00f3w modyfikuj\u0105cych tarcie<\/li>\n\n\n\n<li>Dob\u00f3r pr\u0119dko\u015bci eksploatacyjnej<\/li>\n\n\n\n<li>Por\u00f3wnanie zachowania dynamicznego pojazd\u00f3w<\/li>\n\n\n\n<li>Weryfikacja nowych profili k\u00f3\u0142 oraz par ko\u0142o-szyna<\/li>\n<\/ul>\n\n\n\n<p>Post\u0119powanie patentowe jest w toku.<\/p>\n\n\n\n<p class=\"has-text-align-left\"><a class=\"contact-cta\" href=\"https:\/\/infrail.put.poznan.pl\/?page_id=1311\">Przyk\u0142adowe wyniki<\/a>&nbsp;&nbsp; <a class=\"contact-cta\" href=\"https:\/\/infrail.put.poznan.pl\/#contact\">Kontakt<\/a><\/p>\n\n\n<\/div>\n<p><!-- \/wp:post-content --><\/p>","protected":false},"excerpt":{"rendered":"<p>INFRAIL to pionierski system pomiarowy s\u0142u\u017c\u0105cy do pomiaru intensywno\u015bci zu\u017cywania si\u0119 k\u00f3\u0142 i szyn w czasie rzeczywistym. Podstaw\u0105 jego dzia\u0142ania jest termowizja oraz konwolucyjne sieci neuronowe wytrenowanie na dedykowanym stanowisku rolkowym. System sk\u0142ada si\u0119 z kamer termowizyjnych oraz dodatkowej aparatury rejestruj\u0105cej ruch pojazdu, temperatur\u0119 k\u00f3\u0142 i warunki otoczenia. W wyniku&#8230;<\/p>\n","protected":false},"author":1,"featured_media":0,"parent":0,"menu_order":0,"comment_status":"closed","ping_status":"closed","template":"","meta":{"footnotes":""},"class_list":["post-1393","page","type-page","status-publish","hentry"],"_links":{"self":[{"href":"https:\/\/infrail.put.poznan.pl\/index.php?rest_route=\/wp\/v2\/pages\/1393","targetHints":{"allow":["GET"]}}],"collection":[{"href":"https:\/\/infrail.put.poznan.pl\/index.php?rest_route=\/wp\/v2\/pages"}],"about":[{"href":"https:\/\/infrail.put.poznan.pl\/index.php?rest_route=\/wp\/v2\/types\/page"}],"author":[{"embeddable":true,"href":"https:\/\/infrail.put.poznan.pl\/index.php?rest_route=\/wp\/v2\/users\/1"}],"replies":[{"embeddable":true,"href":"https:\/\/infrail.put.poznan.pl\/index.php?rest_route=%2Fwp%2Fv2%2Fcomments&post=1393"}],"version-history":[{"count":22,"href":"https:\/\/infrail.put.poznan.pl\/index.php?rest_route=\/wp\/v2\/pages\/1393\/revisions"}],"predecessor-version":[{"id":1491,"href":"https:\/\/infrail.put.poznan.pl\/index.php?rest_route=\/wp\/v2\/pages\/1393\/revisions\/1491"}],"wp:attachment":[{"href":"https:\/\/infrail.put.poznan.pl\/index.php?rest_route=%2Fwp%2Fv2%2Fmedia&parent=1393"}],"curies":[{"name":"wp","href":"https:\/\/api.w.org\/{rel}","templated":true}]}}