{"id":1353,"date":"2025-08-27T12:32:28","date_gmt":"2025-08-27T12:32:28","guid":{"rendered":"https:\/\/infrail.put.poznan.pl\/?page_id=1353"},"modified":"2025-08-27T20:48:42","modified_gmt":"2025-08-27T20:48:42","slug":"ustalenie-przyczyn-zuzywania-sie-kol-pojazdow-szynowych","status":"publish","type":"page","link":"https:\/\/infrail.put.poznan.pl\/?page_id=1353","title":{"rendered":"Ustalenie przyczyn nadmiernego zu\u017cywania si\u0119 k\u00f3\u0142 pojazd\u00f3w szynowych"},"content":{"rendered":"\n<p>Kompleksowa analiza w oparciu o rzeczywiste pomiary na pojazdach i infrastrukturze zamawiaj\u0105cego w oparciu o system INFRAIL.<\/p>\n","protected":false},"excerpt":{"rendered":"<p>Kompleksowa analiza w oparciu o rzeczywiste pomiary na pojazdach i infrastrukturze zamawiaj\u0105cego w oparciu o system INFRAIL.<\/p>\n","protected":false},"author":1,"featured_media":0,"parent":0,"menu_order":0,"comment_status":"closed","ping_status":"closed","template":"","meta":{"footnotes":""},"class_list":["post-1353","page","type-page","status-publish","hentry"],"_links":{"self":[{"href":"https:\/\/infrail.put.poznan.pl\/index.php?rest_route=\/wp\/v2\/pages\/1353","targetHints":{"allow":["GET"]}}],"collection":[{"href":"https:\/\/infrail.put.poznan.pl\/index.php?rest_route=\/wp\/v2\/pages"}],"about":[{"href":"https:\/\/infrail.put.poznan.pl\/index.php?rest_route=\/wp\/v2\/types\/page"}],"author":[{"embeddable":true,"href":"https:\/\/infrail.put.poznan.pl\/index.php?rest_route=\/wp\/v2\/users\/1"}],"replies":[{"embeddable":true,"href":"https:\/\/infrail.put.poznan.pl\/index.php?rest_route=%2Fwp%2Fv2%2Fcomments&post=1353"}],"version-history":[{"count":3,"href":"https:\/\/infrail.put.poznan.pl\/index.php?rest_route=\/wp\/v2\/pages\/1353\/revisions"}],"predecessor-version":[{"id":1461,"href":"https:\/\/infrail.put.poznan.pl\/index.php?rest_route=\/wp\/v2\/pages\/1353\/revisions\/1461"}],"wp:attachment":[{"href":"https:\/\/infrail.put.poznan.pl\/index.php?rest_route=%2Fwp%2Fv2%2Fmedia&parent=1353"}],"curies":[{"name":"wp","href":"https:\/\/api.w.org\/{rel}","templated":true}]}}