{"id":1311,"date":"2025-08-27T11:13:49","date_gmt":"2025-08-27T11:13:49","guid":{"rendered":"https:\/\/infrail.put.poznan.pl\/?page_id=1311"},"modified":"2025-09-08T09:03:52","modified_gmt":"2025-09-08T09:03:52","slug":"przykladowe-wyniki","status":"publish","type":"page","link":"https:\/\/infrail.put.poznan.pl\/?page_id=1311","title":{"rendered":"Przyk\u0142adowe wyniki"},"content":{"rendered":"\n<p><strong>System INFRAIL<\/strong><\/p>\n\n\n\n<p>Na poni\u017cszych obrazkach zaprezentowano wyniki pomiaru w postaci map chwilowej intensywno\u015bci zu\u017cywania (3 klasy: 1 &#8211; niska, 2 &#8211; \u015brednia, 3 &#8211; wysoka) i klas kontaktu. Zastosowanie systemu INFRAIL pozwala na g\u0142\u0119bsze zrozumienie zjawisk dotycz\u0105cych zu\u017cywania wyst\u0119puj\u0105cych na styku ko\u0142a z szyn\u0105. Umo\u017cliwia rejestrowanie zu\u017cywania podczas jazdy pojazdu szynowego, pozwalaj\u0105c na <strong>odniesienie obserwacji do zmieniaj\u0105cych si\u0119 warunk\u00f3w jazdy, eksploatacji oraz torowiska. <\/strong>Dotychczas wykorzystywane metody pomiaru zu\u017cycia k\u00f3\u0142 i szyn opieraj\u0105 si\u0119 na skumulowanych efektach zu\u017cycia (zmiana profilu, ubytek masy), co nie pozwala na okre\u015blenie przyczyn zu\u017cywania. Z systemem INFRAIL to mo\u017cliwe &#8211; zapoznaj si\u0119 z mo\u017cliwo\u015bciami systemu w dalszej cz\u0119\u015bci tej strony!<\/p>\n\n\n\n<div style=\"height:18px\" aria-hidden=\"true\" class=\"wp-block-spacer\"><\/div>\n\n\n\n<figure class=\"wp-block-image size-large\"><img loading=\"lazy\" decoding=\"async\" width=\"1024\" height=\"496\" src=\"http:\/\/infrail.put.poznan.pl\/wp-content\/uploads\/2025\/08\/curves_wear_class_2-1024x496.png\" alt=\"\" class=\"wp-image-1324\" srcset=\"https:\/\/infrail.put.poznan.pl\/wp-content\/uploads\/2025\/08\/curves_wear_class_2-1024x496.png 1024w, https:\/\/infrail.put.poznan.pl\/wp-content\/uploads\/2025\/08\/curves_wear_class_2-300x145.png 300w, https:\/\/infrail.put.poznan.pl\/wp-content\/uploads\/2025\/08\/curves_wear_class_2-768x372.png 768w, https:\/\/infrail.put.poznan.pl\/wp-content\/uploads\/2025\/08\/curves_wear_class_2-1536x744.png 1536w, https:\/\/infrail.put.poznan.pl\/wp-content\/uploads\/2025\/08\/curves_wear_class_2.png 1907w\" sizes=\"auto, (max-width: 1024px) 100vw, 1024px\" \/><\/figure>\n\n\n\n<p>Lewa strona: zidentyfikowane klasy kontaktu podczas przejazdu tramwaju. Prawa strona: oszacowana chwilowa intensywno\u015b\u0107 zu\u017cywania si\u0119 ko\u0142a i szyny.<\/p>\n\n\n\n<div style=\"height:63px\" aria-hidden=\"true\" class=\"wp-block-spacer\"><\/div>\n\n\n\n<div class=\"wp-block-media-text is-stacked-on-mobile\" style=\"grid-template-columns:58% auto\"><figure class=\"wp-block-media-text__media\"><img loading=\"lazy\" decoding=\"async\" width=\"527\" height=\"397\" src=\"http:\/\/infrail.put.poznan.pl\/wp-content\/uploads\/2025\/08\/curves_wear_index.png\" alt=\"\" class=\"wp-image-1312 size-full\" srcset=\"https:\/\/infrail.put.poznan.pl\/wp-content\/uploads\/2025\/08\/curves_wear_index.png 527w, https:\/\/infrail.put.poznan.pl\/wp-content\/uploads\/2025\/08\/curves_wear_index-300x226.png 300w\" sizes=\"auto, (max-width: 527px) 100vw, 527px\" \/><\/figure><div class=\"wp-block-media-text__content\">\n<p>Chwilowa intensywno\u015b\u0107 zu\u017cywania lewego ko\u0142a podczas przejazdu po \u0142ukach o ma\u0142ym promieniu.<\/p>\n<\/div><\/div>\n\n\n\n<div style=\"height:63px\" aria-hidden=\"true\" class=\"wp-block-spacer\"><\/div>\n\n\n\n<div class=\"wp-block-media-text has-media-on-the-right is-stacked-on-mobile\" style=\"grid-template-columns:auto 62%\"><div class=\"wp-block-media-text__content\">\n<p>Nagrzewanie si\u0119 lewego ko\u0142a podczas przejazdu po \u0142ukach o ma\u0142ym promieniu.<\/p>\n<\/div><figure class=\"wp-block-media-text__media\"><img loading=\"lazy\" decoding=\"async\" width=\"560\" height=\"396\" src=\"http:\/\/infrail.put.poznan.pl\/wp-content\/uploads\/2025\/08\/curves_temp.png\" alt=\"\" class=\"wp-image-1314 size-full\" srcset=\"https:\/\/infrail.put.poznan.pl\/wp-content\/uploads\/2025\/08\/curves_temp.png 560w, https:\/\/infrail.put.poznan.pl\/wp-content\/uploads\/2025\/08\/curves_temp-300x212.png 300w\" sizes=\"auto, (max-width: 560px) 100vw, 560px\" \/><\/figure><\/div>\n\n\n\n<div style=\"height:63px\" aria-hidden=\"true\" class=\"wp-block-spacer\"><\/div>\n\n\n\n<div class=\"wp-block-media-text is-stacked-on-mobile\" style=\"grid-template-columns:64% auto\"><figure class=\"wp-block-media-text__media\"><img loading=\"lazy\" decoding=\"async\" width=\"1024\" height=\"640\" src=\"http:\/\/infrail.put.poznan.pl\/wp-content\/uploads\/2025\/08\/tangent_wear_class-1024x640.png\" alt=\"\" class=\"wp-image-1330 size-full\" srcset=\"https:\/\/infrail.put.poznan.pl\/wp-content\/uploads\/2025\/08\/tangent_wear_class-1024x640.png 1024w, https:\/\/infrail.put.poznan.pl\/wp-content\/uploads\/2025\/08\/tangent_wear_class-300x188.png 300w, https:\/\/infrail.put.poznan.pl\/wp-content\/uploads\/2025\/08\/tangent_wear_class-768x480.png 768w, https:\/\/infrail.put.poznan.pl\/wp-content\/uploads\/2025\/08\/tangent_wear_class-1536x960.png 1536w, https:\/\/infrail.put.poznan.pl\/wp-content\/uploads\/2025\/08\/tangent_wear_class-2048x1280.png 2048w\" sizes=\"auto, (max-width: 1024px) 100vw, 1024px\" \/><\/figure><div class=\"wp-block-media-text__content\">\n<p>Zestawienie zidentyfikowanych klas kontaktu oraz intensywno\u015bci zu\u017cywania si\u0119 k\u00f3\u0142 i szyn podczas przejazdu po torze prostym oraz o du\u017cym promieniu.<\/p>\n<\/div><\/div>\n\n\n\n<div style=\"height:63px\" aria-hidden=\"true\" class=\"wp-block-spacer\"><\/div>\n\n\n\n<p>Poni\u017cej zaprezentowano przyk\u0142adowe klasy kontaktu ko\u0142a z szyn\u0105.<\/p>\n\n\n\n<figure class=\"wp-block-table\"><table class=\"has-fixed-layout\"><tbody><tr><td><img loading=\"lazy\" decoding=\"async\" width=\"150\" height=\"112\" class=\"wp-image-1364\" style=\"width: 150px;\" src=\"http:\/\/infrail.put.poznan.pl\/wp-content\/uploads\/2025\/08\/jedn_zew.png\" alt=\"\" srcset=\"https:\/\/infrail.put.poznan.pl\/wp-content\/uploads\/2025\/08\/jedn_zew.png 302w, https:\/\/infrail.put.poznan.pl\/wp-content\/uploads\/2025\/08\/jedn_zew-300x225.png 300w\" sizes=\"auto, (max-width: 150px) 100vw, 150px\" \/><br>jednopunktowy zew. \/ klasa zu\u017c.: 2<\/td><td><img loading=\"lazy\" decoding=\"async\" width=\"150\" height=\"112\" class=\"wp-image-1365\" style=\"width: 150px;\" src=\"http:\/\/infrail.put.poznan.pl\/wp-content\/uploads\/2025\/08\/jedn_obrz.png\" alt=\"\" srcset=\"https:\/\/infrail.put.poznan.pl\/wp-content\/uploads\/2025\/08\/jedn_obrz.png 302w, https:\/\/infrail.put.poznan.pl\/wp-content\/uploads\/2025\/08\/jedn_obrz-300x225.png 300w\" sizes=\"auto, (max-width: 150px) 100vw, 150px\" \/><br>jednopunktowy obrze\u017ce \/ klasa zu\u017c.: 3<\/td><td><img loading=\"lazy\" decoding=\"async\" width=\"150\" height=\"112\" class=\"wp-image-1360\" style=\"width: 150px;\" src=\"http:\/\/infrail.put.poznan.pl\/wp-content\/uploads\/2025\/08\/wiel_wask.png\" alt=\"\" srcset=\"https:\/\/infrail.put.poznan.pl\/wp-content\/uploads\/2025\/08\/wiel_wask.png 302w, https:\/\/infrail.put.poznan.pl\/wp-content\/uploads\/2025\/08\/wiel_wask-300x225.png 300w\" sizes=\"auto, (max-width: 150px) 100vw, 150px\" \/><br>wielopunktowy w\u0105ski \/ klasa zu\u017c.: 3<\/td><\/tr><tr><td><img loading=\"lazy\" decoding=\"async\" width=\"150\" height=\"113\" class=\"wp-image-1361\" style=\"width: 150px;\" src=\"http:\/\/infrail.put.poznan.pl\/wp-content\/uploads\/2025\/08\/wiel_Szer.png\" alt=\"\" srcset=\"https:\/\/infrail.put.poznan.pl\/wp-content\/uploads\/2025\/08\/wiel_Szer.png 302w, https:\/\/infrail.put.poznan.pl\/wp-content\/uploads\/2025\/08\/wiel_Szer-300x225.png 300w\" sizes=\"auto, (max-width: 150px) 100vw, 150px\" \/><br>wielopunktowy szeroki \/ klasa zu\u017c.: 3<\/td><td><img loading=\"lazy\" decoding=\"async\" width=\"150\" height=\"113\" class=\"wp-image-1362\" style=\"width: 150px;\" src=\"http:\/\/infrail.put.poznan.pl\/wp-content\/uploads\/2025\/08\/konf.png\" alt=\"\" srcset=\"https:\/\/infrail.put.poznan.pl\/wp-content\/uploads\/2025\/08\/konf.png 302w, https:\/\/infrail.put.poznan.pl\/wp-content\/uploads\/2025\/08\/konf-300x225.png 300w\" sizes=\"auto, (max-width: 150px) 100vw, 150px\" \/><br>konforemny \/ klasa zu\u017c.: 1<\/td><td><img loading=\"lazy\" decoding=\"async\" width=\"150\" height=\"113\" class=\"wp-image-1363\" style=\"width: 150px;\" src=\"http:\/\/infrail.put.poznan.pl\/wp-content\/uploads\/2025\/08\/krzyz.png\" alt=\"\" srcset=\"https:\/\/infrail.put.poznan.pl\/wp-content\/uploads\/2025\/08\/krzyz.png 302w, https:\/\/infrail.put.poznan.pl\/wp-content\/uploads\/2025\/08\/krzyz-300x225.png 300w\" sizes=\"auto, (max-width: 150px) 100vw, 150px\" \/><br>krzy\u017cownica \/ klasa zu\u017c.: 3<\/td><\/tr><\/tbody><\/table><\/figure>\n\n\n\n<div style=\"height:63px\" aria-hidden=\"true\" class=\"wp-block-spacer\"><\/div>\n\n\n\n<figure class=\"wp-block-image size-full is-resized\"><img loading=\"lazy\" decoding=\"async\" width=\"768\" height=\"384\" src=\"http:\/\/infrail.put.poznan.pl\/wp-content\/uploads\/2025\/09\/logo-mpk-poznan-768x384-1.webp\" alt=\"\" class=\"wp-image-1496\" style=\"width:377px;height:auto\" srcset=\"https:\/\/infrail.put.poznan.pl\/wp-content\/uploads\/2025\/09\/logo-mpk-poznan-768x384-1.webp 768w, https:\/\/infrail.put.poznan.pl\/wp-content\/uploads\/2025\/09\/logo-mpk-poznan-768x384-1-300x150.webp 300w\" sizes=\"auto, (max-width: 768px) 100vw, 768px\" \/><\/figure>\n\n\n\n<p>Prezentowane wyniki opracowano we wsp\u00f3\u0142pracy z Miejskim Przedsi\u0119biorstwem Komunikacyjnym w Poznaniu sp. z o. o.<\/p>\n\n\n\n<div style=\"height:63px\" aria-hidden=\"true\" class=\"wp-block-spacer\"><\/div>\n\n\n\n<p><strong>Zastosowania systemu INFRAIL:<\/strong><\/p>\n\n\n\n<ul class=\"wp-block-list\">\n<li>Pomiar chwilowej intensywno\u015bci zu\u017cywania ko\u0142a i szyny<\/li>\n\n\n\n<li>Poszukiwanie przyczyn wzmo\u017conej emisji drga\u0144 i ha\u0142asu<\/li>\n\n\n\n<li>Testy \u015brodk\u00f3w modyfikuj\u0105cych tarcie<\/li>\n\n\n\n<li>Dob\u00f3r pr\u0119dko\u015bci eksploatacyjnej<\/li>\n\n\n\n<li>Por\u00f3wnanie zachowania dynamicznego pojazd\u00f3w<\/li>\n\n\n\n<li>Weryfikacja nowych profili k\u00f3\u0142 oraz par ko\u0142o-szyna<\/li>\n<\/ul>\n\n\n\n<p>Mapy wykonano przy wykorzystaniu aplikacji kepler.gl.<\/p>\n\n\n\n<p><a class=\"contact-cta\" href=\"https:\/\/infrail.put.poznan.pl\/#contact\">Kontakt<\/a><\/p>\n","protected":false},"excerpt":{"rendered":"<p>System INFRAIL Na poni\u017cszych obrazkach zaprezentowano wyniki pomiaru w postaci map chwilowej intensywno\u015bci zu\u017cywania (3 klasy: 1 &#8211; niska, 2 &#8211; \u015brednia, 3 &#8211; wysoka) i klas kontaktu. Zastosowanie systemu INFRAIL pozwala na g\u0142\u0119bsze zrozumienie zjawisk dotycz\u0105cych zu\u017cywania wyst\u0119puj\u0105cych na styku ko\u0142a z szyn\u0105. Umo\u017cliwia rejestrowanie zu\u017cywania podczas jazdy pojazdu&#8230;<\/p>\n","protected":false},"author":1,"featured_media":0,"parent":0,"menu_order":0,"comment_status":"closed","ping_status":"closed","template":"","meta":{"footnotes":""},"class_list":["post-1311","page","type-page","status-publish","hentry"],"_links":{"self":[{"href":"https:\/\/infrail.put.poznan.pl\/index.php?rest_route=\/wp\/v2\/pages\/1311","targetHints":{"allow":["GET"]}}],"collection":[{"href":"https:\/\/infrail.put.poznan.pl\/index.php?rest_route=\/wp\/v2\/pages"}],"about":[{"href":"https:\/\/infrail.put.poznan.pl\/index.php?rest_route=\/wp\/v2\/types\/page"}],"author":[{"embeddable":true,"href":"https:\/\/infrail.put.poznan.pl\/index.php?rest_route=\/wp\/v2\/users\/1"}],"replies":[{"embeddable":true,"href":"https:\/\/infrail.put.poznan.pl\/index.php?rest_route=%2Fwp%2Fv2%2Fcomments&post=1311"}],"version-history":[{"count":26,"href":"https:\/\/infrail.put.poznan.pl\/index.php?rest_route=\/wp\/v2\/pages\/1311\/revisions"}],"predecessor-version":[{"id":1499,"href":"https:\/\/infrail.put.poznan.pl\/index.php?rest_route=\/wp\/v2\/pages\/1311\/revisions\/1499"}],"wp:attachment":[{"href":"https:\/\/infrail.put.poznan.pl\/index.php?rest_route=%2Fwp%2Fv2%2Fmedia&parent=1311"}],"curies":[{"name":"wp","href":"https:\/\/api.w.org\/{rel}","templated":true}]}}